{"id":1428,"date":"2021-07-11T19:08:47","date_gmt":"2021-07-11T12:08:47","guid":{"rendered":"https:\/\/htsc.vn\/ve-chung-toi\/"},"modified":"2025-02-05T16:34:15","modified_gmt":"2025-02-05T09:34:15","slug":"about-us","status":"publish","type":"page","link":"https:\/\/htsc.vn\/en\/about-us\/","title":{"rendered":"About us"},"content":{"rendered":"<p>[vc_row full_width=&#8221;stretch_row&#8221; equal_height=&#8221;yes&#8221; content_placement=&#8221;bottom&#8221; wrap_container=&#8221;yes&#8221; el_class=&#8221;vct01&#8243;][vc_column width=&#8221;1\/2&#8243;][vc_column_text css_animation=&#8221;fadeInLeft&#8221; el_class=&#8221;htsc012&#8243;]<\/p>\n<h2 style=\"text-align: justify;\"><strong>Who we are?<\/strong><\/h2>\n<p style=\"text-align: justify;\">HTSC Technological Solutions Joint Stock Company (\u201cHTSC Inc.\u201d) is a member of HTI Group. HTSC is specialized in researching, developing and providing leading technological products, services and solutions in Vietnam.<\/p>\n<p style=\"text-align: justify;\">Our products and solutions are mainly dealed with digital transformation, information security, smart cities, etc. based on robust technologies in AI\/ML, image processing, natural language processing, big data, etc. We are formed by combination of numerous experience in providing the world high-tech products to state-owned agencies with advanced working procedures taken from the world famous companies. In addition, we have a big dynamic, ambitious, and talented team with intensive knowledge in AI mentored by AI PhDs, backed by gifted engineers from leading universities, enabling us to bring optimal solutions to cope with every single problem as well as meet customers\u2019 needs.<\/p>\n<p style=\"text-align: justify;\">Followed by the development trends of Vietnam\u2019s IT industry in close relation with the world innovations, HTSC is the union of Vietnam\u2019s technologies and intelligence that can be locally employed for the world entry.<\/p>\n<p>[\/vc_column_text][vc_btn title=&#8221;About HTI Group&#8221; style=&#8221;flat&#8221; shape=&#8221;round&#8221; color=&#8221;warning&#8221; size=&#8221;lg&#8221; align=&#8221;left&#8221; link=&#8221;url:https%3A%2F%2Fhtigroup.vn%2Fve-htigroup%2F|title:V%E1%BB%81%20HTI%20Group|target:_blank&#8221; el_class=&#8221;xt01&#8243;][\/vc_column][vc_column width=&#8221;1\/2&#8243;][vc_single_image image=&#8221;1264&#8243; img_size=&#8221;full&#8221; alignment=&#8221;center&#8221; animation_type=&#8221;fadeInRight&#8221;][\/vc_column][\/vc_row][vc_row full_width=&#8221;stretch_row&#8221; equal_height=&#8221;yes&#8221; content_placement=&#8221;middle&#8221; wrap_container=&#8221;yes&#8221; el_class=&#8221;vct02&#8243;][vc_column width=&#8221;1\/2&#8243;][\/vc_column][vc_column width=&#8221;1\/2&#8243;][vc_column_text css_animation=&#8221;fadeInRight&#8221; el_class=&#8221;vct021 wtp&#8221;]<\/p>\n<h2 style=\"text-align: justify;\"><span style=\"color: #ff9800;\">Vision<\/span><\/h2>\n<p style=\"text-align: justify;\">Our vision is to become the leading providers of technological products, services, and solutions in Vietnam; to promote and employ Vietnam\u2019s potentials and intelligence for the world entry.<\/p>\n<p>[\/vc_column_text][vc_column_text css_animation=&#8221;fadeInRight&#8221; el_class=&#8221;vct021 wtp&#8221;]<\/p>\n<h2 style=\"text-align: justify;\"><span style=\"color: #ff9800;\">Mission<\/span><\/h2>\n<p style=\"text-align: justify;\">Our mission is to connect the talented, integrate knowledge and modern technologies to develop professional solutions and services to deal with information security problems and digital transformation\u00a0of Vietnam and the world as well.<\/p>\n<p>[\/vc_column_text][\/vc_column][\/vc_row][vc_row full_width=&#8221;stretch_row&#8221; wrap_container=&#8221;yes&#8221; el_class=&#8221;vct03&#8243;][vc_column][vc_row_inner][vc_column_inner width=&#8221;1\/6&#8243;][\/vc_column_inner][vc_column_inner width=&#8221;2\/3&#8243;][vc_column_text css_animation=&#8221;fadeInUp&#8221; el_class=&#8221;htsc012&#8243;]<\/p>\n<h2 style=\"text-align: center;\"><strong>HTSC People<\/strong><\/h2>\n<p style=\"text-align: center;\">We are formed by the talented and experienced people with persistent ambition and clear vision to technology development in a dynamic, creative and challenging environment.<\/p>\n<p>[\/vc_column_text][\/vc_column_inner][vc_column_inner width=&#8221;1\/6&#8243;][\/vc_column_inner][\/vc_row_inner][\/vc_column][\/vc_row][vc_row full_width=&#8221;stretch_row&#8221; equal_height=&#8221;yes&#8221; content_placement=&#8221;middle&#8221; wrap_container=&#8221;yes&#8221; el_class=&#8221;vct04&#8243; css=&#8221;.vc_custom_1634193694511{background-color: #ffffff !important;}&#8221;][vc_column width=&#8221;7\/12&#8243; el_class=&#8221;vct0401&#8243;][vc_column_text css_animation=&#8221;fadeInLeft&#8221; el_class=&#8221;htsc041&#8243;]<\/p>\n<h2 style=\"text-align: justify;\">Mr. Giang Quoc An<\/h2>\n<p style=\"text-align: justify;\"><em>Director<\/em><\/p>\n<p style=\"text-align: justify;\">An has 12 years of experience working for a professional Japanese software developer &#8211; Toshiba Software Development (Vietnam) (TSDV) \u2013 as a project manager. At TSDV, he led his big team and made resounding successes in research and development of software, application of new technologies, contributing to the company\u2019s great successes in its business operations and expansion.<\/p>\n<p style=\"text-align: justify;\">With valuable experience and successes in hand, An joined HTSC as continuation of his perspectives \u2013 to build up a technology company of professional, creative environment where he and his team are given the best opportunities to employ individual capacities and availability of the state-of-the-art technologies in order to develop leading technological solutions for both Vietnam and the world.<\/p>\n<p>[\/vc_column_text][\/vc_column][vc_column width=&#8221;5\/12&#8243; el_class=&#8221;vct0402&#8243;][vc_single_image image=&#8221;1401&#8243; img_size=&#8221;full&#8221; alignment=&#8221;center&#8221; animation_type=&#8221;fadeInRight&#8221; el_class=&#8221;htsc042&#8243;][\/vc_column][\/vc_row][vc_row full_width=&#8221;stretch_row&#8221; equal_height=&#8221;yes&#8221; content_placement=&#8221;middle&#8221; disable_element=&#8221;yes&#8221; wrap_container=&#8221;yes&#8221; el_class=&#8221;vct04&#8243;][vc_column width=&#8221;7\/12&#8243;][vc_column_text css_animation=&#8221;fadeInRight&#8221; el_class=&#8221;htsc041&#8243;]<\/p>\n<h2 style=\"text-align: justify;\">Ms. Ph\u1ea1m Th\u1ecb Ng\u00e2n<\/h2>\n<p><em>Ph\u00f3 Gi\u00e1m \u0111\u1ed1c<\/em><\/p>\n<p style=\"text-align: justify;\">Ch\u1ecb Ph\u1ea1m Th\u1ecb Ng\u00e2n l\u00e0 Gi\u1ea3ng vi\u00ean \u0110\u1ea1i h\u1ecdc, Ti\u1ebfn s\u0129 chuy\u00ean ng\u00e0nh H\u1ec7 th\u1ed1ng th\u00f4ng tin. Ch\u1ecb \u0111\u00e3 c\u00f3 nhi\u1ec1u \u0111\u1ec1 t\u00e0i nghi\u00ean c\u1ee9u v\u1ec1 C\u00e1c k\u1ef9 thu\u1eadt h\u1ecdc m\u00e1y (Machine learning), Tr\u00ed tu\u1ec7 nh\u00e2n t\u1ea1o AI (Artifical Intelligent), H\u1ecdc s\u00e2u (Deep learning), X\u1eed l\u00fd ng\u00f4n ng\u1eef t\u1ef1 nhi\u00ean (NLP), Th\u1ecb gi\u00e1c m\u00e1y t\u00ednh (Computer vision)\u2026<\/p>\n<p style=\"text-align: justify;\">Trong nhi\u1ec1u n\u0103m, ch\u1ecb \u0111\u00e3 d\u1eabn c\u00e1c \u0111\u1ed9i tuy\u1ec3n Olympic Tin h\u1ecdc sinh vi\u00ean \u0111i thi t\u1ea1i c\u00e1c \u0111\u1ea5u tr\u01b0\u1eddng trong n\u01b0\u1edbc v\u00e0 Qu\u1ed1c t\u1ebf v\u00e0 \u0111\u1ea1t \u0111\u01b0\u1ee3c nhi\u1ec1u gi\u1ea3i th\u01b0\u1eddng. T\u1ea1i HTSC, ch\u1ecb ti\u1ebfp t\u1ee5c c\u00e1c \u0111\u1ec1 t\u00e0i nghi\u00ean c\u1ee9u c\u1ee7a m\u00ecnh v\u00e0 \u1ee9ng d\u1ee5ng ch\u00fang v\u00e0o c\u00e1c s\u1ea3n ph\u1ea9m, gi\u1ea3i ph\u00e1p m\u1edbi gi\u00fap gi\u1ea3i quy\u1ebft c\u00e1c b\u00e0i to\u00e1n kh\u00f3 \u0111ang \u0111\u1eb7t ra cho Ch\u00ednh ph\u1ee7, Doanh nghi\u1ec7p trong th\u1eddi k\u1ef3 c\u00e1ch m\u1ea1ng c\u00f4ng nghi\u1ec7p nh\u01b0 hi\u1ec7n nay.<\/p>\n<p>[\/vc_column_text][\/vc_column][vc_column width=&#8221;5\/12&#8243;][vc_single_image image=&#8221;1269&#8243; img_size=&#8221;full&#8221; alignment=&#8221;center&#8221; animation_type=&#8221;fadeInLeft&#8221; el_class=&#8221;htsc042&#8243;][\/vc_column][\/vc_row][vc_row full_width=&#8221;stretch_row&#8221; equal_height=&#8221;yes&#8221; content_placement=&#8221;middle&#8221; wrap_container=&#8221;yes&#8221; el_class=&#8221;vct04&#8243; css=&#8221;.vc_custom_1634178988054{background-color: #ffffff !important;}&#8221;][vc_column width=&#8221;5\/12&#8243; el_class=&#8221;vct0402&#8243;][vc_single_image image=&#8221;1270&#8243; img_size=&#8221;full&#8221; alignment=&#8221;center&#8221; animation_type=&#8221;fadeInLeft&#8221; el_class=&#8221;htsc042&#8243;][\/vc_column][vc_column width=&#8221;7\/12&#8243; el_class=&#8221;vct0401&#8243;][vc_column_text css_animation=&#8221;fadeInRight&#8221; el_class=&#8221;htsc041&#8243;]<\/p>\n<h2 style=\"text-align: justify;\">Mr. Tran Van Thanh<\/h2>\n<p style=\"text-align: justify;\"><em>Deputy Manager &#8211; Application Development Department<\/em><\/p>\n<p style=\"text-align: justify;\">Thanh has 10 years of experience as software developer for large foreign clients from Japan, UK, and the US. He has succesfully developed local and foreign B2B, B2C models to maximize corporate business operations.<\/p>\n<p style=\"text-align: justify;\">He experienced with different roles at big projects such as Solution Architect, Project Manager, Senior Developer\u2026<\/p>\n<p style=\"text-align: justify;\">Upon clarification and understanding of the customers\u2019 requirements, he advised on solutions, system architecture, and software architecture to the needs as well as optimize the existing products.<\/p>\n<p style=\"text-align: justify;\">Now at HTSC, as Deputy manager of Application Development Department, he together with HTSC Board will bring the best products to customers.<\/p>\n<p>[\/vc_column_text][\/vc_column][\/vc_row]<\/p>\n","protected":false},"excerpt":{"rendered":"<p>[vc_row full_width=&#8221;stretch_row&#8221; equal_height=&#8221;yes&#8221; content_placement=&#8221;bottom&#8221; wrap_container=&#8221;yes&#8221; el_class=&#8221;vct01&#8243;][vc_column width=&#8221;1\/2&#8243;][vc_column_text css_animation=&#8221;fadeInLeft&#8221; el_class=&#8221;htsc012&#8243;] Who we are? HTSC Technological Solutions Joint Stock Company (\u201cHTSC Inc.\u201d) is a member of HTI Group. HTSC is specialized in researching, developing and providing leading technological products, services and solutions in Vietnam. Our products and solutions are mainly dealed with digital transformation, information security, smart [&hellip;]<\/p>\n","protected":false},"author":1,"featured_media":1450,"parent":0,"menu_order":0,"comment_status":"closed","ping_status":"closed","template":"","meta":{"inline_featured_image":false,"footnotes":""},"class_list":["post-1428","page","type-page","status-publish","has-post-thumbnail","hentry"],"yoast_head":"<!-- This site is optimized with the Yoast SEO plugin v19.7.1 - https:\/\/yoast.com\/wordpress\/plugins\/seo\/ -->\n<title>About us - htsc.vn<\/title>\n<meta name=\"description\" content=\"HTI Technological Solutions Company Limited (\u201cHTSC\u201d) is a member of HTI Group. HTSC is specialized indeveloping and providing leading\" \/>\n<meta name=\"robots\" content=\"index, follow, max-snippet:-1, max-image-preview:large, max-video-preview:-1\" \/>\n<link rel=\"canonical\" href=\"https:\/\/htsc.vn\/en\/about-us\/\" \/>\n<meta property=\"og:locale\" content=\"en_US\" \/>\n<meta property=\"og:type\" content=\"article\" \/>\n<meta property=\"og:title\" content=\"About us - htsc.vn\" \/>\n<meta property=\"og:description\" content=\"HTI Technological Solutions Company Limited (\u201cHTSC\u201d) is a member of HTI Group. HTSC is specialized indeveloping and providing leading\" \/>\n<meta property=\"og:url\" content=\"https:\/\/htsc.vn\/en\/about-us\/\" \/>\n<meta property=\"og:site_name\" content=\"htsc.vn\" \/>\n<meta property=\"article:modified_time\" content=\"2025-02-05T09:34:15+00:00\" \/>\n<meta property=\"og:image\" content=\"https:\/\/htsc.vn\/wp-content\/uploads\/2021\/10\/logo-htsc-social-1.jpg\" \/>\n\t<meta property=\"og:image:width\" content=\"900\" \/>\n\t<meta property=\"og:image:height\" content=\"894\" \/>\n\t<meta property=\"og:image:type\" content=\"image\/jpeg\" \/>\n<meta name=\"twitter:card\" content=\"summary_large_image\" \/>\n<meta name=\"twitter:label1\" content=\"Est. reading time\" \/>\n\t<meta name=\"twitter:data1\" content=\"4 minutes\" \/>\n<script type=\"application\/ld+json\" class=\"yoast-schema-graph\">{\"@context\":\"https:\/\/schema.org\",\"@graph\":[{\"@type\":\"WebPage\",\"@id\":\"https:\/\/htsc.vn\/en\/about-us\/\",\"url\":\"https:\/\/htsc.vn\/en\/about-us\/\",\"name\":\"About us - htsc.vn\",\"isPartOf\":{\"@id\":\"https:\/\/htsc.vn\/#website\"},\"datePublished\":\"2021-07-11T12:08:47+00:00\",\"dateModified\":\"2025-02-05T09:34:15+00:00\",\"description\":\"HTI Technological Solutions Company Limited (\u201cHTSC\u201d) is a member of HTI Group. HTSC is specialized indeveloping and providing leading\",\"breadcrumb\":{\"@id\":\"https:\/\/htsc.vn\/en\/about-us\/#breadcrumb\"},\"inLanguage\":\"en-US\",\"potentialAction\":[{\"@type\":\"ReadAction\",\"target\":[\"https:\/\/htsc.vn\/en\/about-us\/\"]}]},{\"@type\":\"BreadcrumbList\",\"@id\":\"https:\/\/htsc.vn\/en\/about-us\/#breadcrumb\",\"itemListElement\":[{\"@type\":\"ListItem\",\"position\":1,\"name\":\"Trang ch\u1ee7\",\"item\":\"https:\/\/htsc.vn\/en\/\"},{\"@type\":\"ListItem\",\"position\":2,\"name\":\"About us\"}]},{\"@type\":\"WebSite\",\"@id\":\"https:\/\/htsc.vn\/#website\",\"url\":\"https:\/\/htsc.vn\/\",\"name\":\"htsc.vn\",\"description\":\"htsc.vn\",\"publisher\":{\"@id\":\"https:\/\/htsc.vn\/#organization\"},\"potentialAction\":[{\"@type\":\"SearchAction\",\"target\":{\"@type\":\"EntryPoint\",\"urlTemplate\":\"https:\/\/htsc.vn\/?s={search_term_string}\"},\"query-input\":\"required name=search_term_string\"}],\"inLanguage\":\"en-US\"},{\"@type\":\"Organization\",\"@id\":\"https:\/\/htsc.vn\/#organization\",\"name\":\"HTSC\",\"url\":\"https:\/\/htsc.vn\/\",\"sameAs\":[],\"logo\":{\"@type\":\"ImageObject\",\"inLanguage\":\"en-US\",\"@id\":\"https:\/\/htsc.vn\/#\/schema\/logo\/image\/\",\"url\":\"https:\/\/htsc.vn\/wp-content\/uploads\/2021\/10\/logo.svg\",\"contentUrl\":\"https:\/\/htsc.vn\/wp-content\/uploads\/2021\/10\/logo.svg\",\"width\":\"1024\",\"height\":\"1024\",\"caption\":\"HTSC\"},\"image\":{\"@id\":\"https:\/\/htsc.vn\/#\/schema\/logo\/image\/\"}}]}<\/script>\n<!-- \/ Yoast SEO plugin. -->","yoast_head_json":{"title":"About us - htsc.vn","description":"HTI Technological Solutions Company Limited (\u201cHTSC\u201d) is a member of HTI Group. HTSC is specialized indeveloping and providing leading","robots":{"index":"index","follow":"follow","max-snippet":"max-snippet:-1","max-image-preview":"max-image-preview:large","max-video-preview":"max-video-preview:-1"},"canonical":"https:\/\/htsc.vn\/en\/about-us\/","og_locale":"en_US","og_type":"article","og_title":"About us - htsc.vn","og_description":"HTI Technological Solutions Company Limited (\u201cHTSC\u201d) is a member of HTI Group. HTSC is specialized indeveloping and providing leading","og_url":"https:\/\/htsc.vn\/en\/about-us\/","og_site_name":"htsc.vn","article_modified_time":"2025-02-05T09:34:15+00:00","og_image":[{"width":900,"height":894,"url":"https:\/\/htsc.vn\/wp-content\/uploads\/2021\/10\/logo-htsc-social-1.jpg","type":"image\/jpeg"}],"twitter_card":"summary_large_image","twitter_misc":{"Est. reading time":"4 minutes"},"schema":{"@context":"https:\/\/schema.org","@graph":[{"@type":"WebPage","@id":"https:\/\/htsc.vn\/en\/about-us\/","url":"https:\/\/htsc.vn\/en\/about-us\/","name":"About us - htsc.vn","isPartOf":{"@id":"https:\/\/htsc.vn\/#website"},"datePublished":"2021-07-11T12:08:47+00:00","dateModified":"2025-02-05T09:34:15+00:00","description":"HTI Technological Solutions Company Limited (\u201cHTSC\u201d) is a member of HTI Group. HTSC is specialized indeveloping and providing leading","breadcrumb":{"@id":"https:\/\/htsc.vn\/en\/about-us\/#breadcrumb"},"inLanguage":"en-US","potentialAction":[{"@type":"ReadAction","target":["https:\/\/htsc.vn\/en\/about-us\/"]}]},{"@type":"BreadcrumbList","@id":"https:\/\/htsc.vn\/en\/about-us\/#breadcrumb","itemListElement":[{"@type":"ListItem","position":1,"name":"Trang ch\u1ee7","item":"https:\/\/htsc.vn\/en\/"},{"@type":"ListItem","position":2,"name":"About us"}]},{"@type":"WebSite","@id":"https:\/\/htsc.vn\/#website","url":"https:\/\/htsc.vn\/","name":"htsc.vn","description":"htsc.vn","publisher":{"@id":"https:\/\/htsc.vn\/#organization"},"potentialAction":[{"@type":"SearchAction","target":{"@type":"EntryPoint","urlTemplate":"https:\/\/htsc.vn\/?s={search_term_string}"},"query-input":"required name=search_term_string"}],"inLanguage":"en-US"},{"@type":"Organization","@id":"https:\/\/htsc.vn\/#organization","name":"HTSC","url":"https:\/\/htsc.vn\/","sameAs":[],"logo":{"@type":"ImageObject","inLanguage":"en-US","@id":"https:\/\/htsc.vn\/#\/schema\/logo\/image\/","url":"https:\/\/htsc.vn\/wp-content\/uploads\/2021\/10\/logo.svg","contentUrl":"https:\/\/htsc.vn\/wp-content\/uploads\/2021\/10\/logo.svg","width":"1024","height":"1024","caption":"HTSC"},"image":{"@id":"https:\/\/htsc.vn\/#\/schema\/logo\/image\/"}}]}},"_links":{"self":[{"href":"https:\/\/htsc.vn\/en\/wp-json\/wp\/v2\/pages\/1428","targetHints":{"allow":["GET"]}}],"collection":[{"href":"https:\/\/htsc.vn\/en\/wp-json\/wp\/v2\/pages"}],"about":[{"href":"https:\/\/htsc.vn\/en\/wp-json\/wp\/v2\/types\/page"}],"author":[{"embeddable":true,"href":"https:\/\/htsc.vn\/en\/wp-json\/wp\/v2\/users\/1"}],"replies":[{"embeddable":true,"href":"https:\/\/htsc.vn\/en\/wp-json\/wp\/v2\/comments?post=1428"}],"version-history":[{"count":0,"href":"https:\/\/htsc.vn\/en\/wp-json\/wp\/v2\/pages\/1428\/revisions"}],"wp:featuredmedia":[{"embeddable":true,"href":"https:\/\/htsc.vn\/en\/wp-json\/wp\/v2\/media\/1450"}],"wp:attachment":[{"href":"https:\/\/htsc.vn\/en\/wp-json\/wp\/v2\/media?parent=1428"}],"curies":[{"name":"wp","href":"https:\/\/api.w.org\/{rel}","templated":true}]}}