{"id":1422,"date":"2021-10-13T17:30:58","date_gmt":"2021-10-13T10:30:58","guid":{"rendered":"https:\/\/htsc.vn\/lien-he\/"},"modified":"2025-07-02T09:13:51","modified_gmt":"2025-07-02T02:13:51","slug":"contact-us","status":"publish","type":"page","link":"https:\/\/htsc.vn\/en\/contact-us\/","title":{"rendered":"Contact us"},"content":{"rendered":"<p>[vc_row wrap_container=&#8221;yes&#8221; css=&#8221;.vc_custom_1634123162186{margin-top: 20px !important;}&#8221;][vc_column width=&#8221;1\/2&#8243;][vc_column_text]<\/p>\n<h2 class=\"company\"><span style=\"font-size: 18px;\"><strong>HTSC TECHNOLOGICAL SOLUTIONS JOINT STOCK COMPANY\u00a0<\/strong><\/span><\/h2>\n<p class=\"address\"><i class=\"fas fa-map-marker-alt\"><\/i>\u00a0<strong> Head Office:<\/strong> 16F &#8211; VP2, Sun Square Building, 21 Le Duc Tho Street, Tu Liem Ward, Hanoi, Vietnam.<i class=\"fas fa-map-marker-alt\"><\/i><\/p>\n<p class=\"phone\"><i class=\"fas fa-phone-alt\"><\/i>\u00a0<strong> Hotline: (<a href=\"http:\/\/+84 931232159\">+84) 931.232.159<\/a><\/strong><\/p>\n<p class=\"phone\"><i class=\"fas fa-envelope\"><\/i>\u00a0<strong> Email: <\/strong><a href=\"mailto:contact@htigroup.vn\">contact@htsc.vn<\/a><\/p>\n<p class=\"phone\"><i class=\"fas fa-globe\"><\/i>\u00a0<strong> Website: <\/strong><a href=\"https:\/\/htsc.vn\">https:\/\/htsc.vn<\/a><\/p>\n<p>[\/vc_column_text][\/vc_column][vc_column width=&#8221;1\/2&#8243;][vc_column_text]<span style=\"font-size: 18px;\"><strong>CONTACT US<\/strong><\/span><\/p>\n<p>[dhvc_form id=&#8221;1476&#8243;][\/vc_column_text][\/vc_column][\/vc_row][vc_row full_width=&#8221;stretch_row_content_no_spaces&#8221; css=&#8221;.vc_custom_1634121315639{margin-bottom: -20px !important;}&#8221;][vc_column][vc_column_text]<iframe loading=\"lazy\" style=\"border: 0;\" src=\"https:\/\/www.google.com\/maps\/embed?pb=!1m14!1m8!1m3!1d14895.896330130625!2d105.770315!3d21.033723000000002!3m2!1i1024!2i768!4f13.1!3m3!1m2!1s0x0%3A0x9d8fc2a79129adc5!2sHTI%20Technologies!5e0!3m2!1svi!2sus!4v1634121028072!5m2!1svi!2sus\" width=\"100%\" height=\"600\" allowfullscreen=\"allowfullscreen\"><span data-mce-type=\"bookmark\" style=\"display: inline-block; width: 0px; overflow: hidden; line-height: 0;\" class=\"mce_SELRES_start\">\ufeff<\/span><\/iframe>[\/vc_column_text][\/vc_column][\/vc_row]<\/p>\n","protected":false},"excerpt":{"rendered":"<p>[vc_row wrap_container=&#8221;yes&#8221; css=&#8221;.vc_custom_1634123162186{margin-top: 20px !important;}&#8221;][vc_column width=&#8221;1\/2&#8243;][vc_column_text] HTSC TECHNOLOGICAL SOLUTIONS JOINT STOCK COMPANY\u00a0 \u00a0 Head Office: 16F &#8211; VP2, Sun Square Building, 21 Le Duc Tho Street, Tu Liem Ward, Hanoi, Vietnam. \u00a0 Hotline: (+84) 931.232.159 \u00a0 Email: contact@htsc.vn \u00a0 Website: https:\/\/htsc.vn [\/vc_column_text][\/vc_column][vc_column width=&#8221;1\/2&#8243;][vc_column_text]CONTACT US [dhvc_form id=&#8221;1476&#8243;][\/vc_column_text][\/vc_column][\/vc_row][vc_row full_width=&#8221;stretch_row_content_no_spaces&#8221; css=&#8221;.vc_custom_1634121315639{margin-bottom: -20px !important;}&#8221;][vc_column][vc_column_text]\ufeff[\/vc_column_text][\/vc_column][\/vc_row]<\/p>\n","protected":false},"author":1,"featured_media":0,"parent":0,"menu_order":0,"comment_status":"closed","ping_status":"closed","template":"","meta":{"inline_featured_image":false,"footnotes":""},"class_list":["post-1422","page","type-page","status-publish","hentry"],"yoast_head":"<!-- This site is optimized with the Yoast SEO plugin v19.7.1 - https:\/\/yoast.com\/wordpress\/plugins\/seo\/ -->\n<title>Contact us - htsc.vn<\/title>\n<meta name=\"description\" content=\"HTSC l\u00e0 m\u1ed9t th\u00e0nh vi\u00ean tr\u1ef1c thu\u1ed9c HTI Group, ch\u00fang t\u00f4i chuy\u00ean cung c\u1ea5p c\u00e1c gi\u1ea3i ph\u00e1p c\u00f4ng ngh\u1ec7, chuy\u1ec3n \u0111\u1ed5i s\u1ed1 cho Ch\u00ednh ph\u1ee7 v\u00e0 c\u00e1c doanh nghi\u1ec7p trong nhi\u1ec1u l\u0129nh v\u1ef1c\" \/>\n<meta name=\"robots\" content=\"index, follow, max-snippet:-1, max-image-preview:large, max-video-preview:-1\" \/>\n<link rel=\"canonical\" href=\"https:\/\/htsc.vn\/en\/contact-us\/\" \/>\n<meta property=\"og:locale\" content=\"en_US\" \/>\n<meta property=\"og:type\" content=\"article\" \/>\n<meta property=\"og:title\" content=\"Contact us - htsc.vn\" \/>\n<meta property=\"og:description\" content=\"HTSC l\u00e0 m\u1ed9t th\u00e0nh vi\u00ean tr\u1ef1c thu\u1ed9c HTI Group, ch\u00fang t\u00f4i chuy\u00ean cung c\u1ea5p c\u00e1c gi\u1ea3i ph\u00e1p c\u00f4ng ngh\u1ec7, chuy\u1ec3n \u0111\u1ed5i s\u1ed1 cho Ch\u00ednh ph\u1ee7 v\u00e0 c\u00e1c doanh nghi\u1ec7p trong nhi\u1ec1u l\u0129nh v\u1ef1c\" \/>\n<meta property=\"og:url\" content=\"https:\/\/htsc.vn\/en\/contact-us\/\" \/>\n<meta property=\"og:site_name\" content=\"htsc.vn\" \/>\n<meta property=\"article:modified_time\" content=\"2025-07-02T02:13:51+00:00\" \/>\n<meta property=\"og:image\" content=\"https:\/\/htsc.vn\/wp-content\/uploads\/2021\/10\/logo-htsc-social-1.jpg\" \/>\n\t<meta property=\"og:image:width\" content=\"900\" \/>\n\t<meta property=\"og:image:height\" content=\"894\" \/>\n\t<meta property=\"og:image:type\" content=\"image\/jpeg\" \/>\n<meta name=\"twitter:card\" content=\"summary_large_image\" \/>\n<meta name=\"twitter:label1\" content=\"Est. reading time\" \/>\n\t<meta name=\"twitter:data1\" content=\"1 minute\" \/>\n<script type=\"application\/ld+json\" class=\"yoast-schema-graph\">{\"@context\":\"https:\/\/schema.org\",\"@graph\":[{\"@type\":\"WebPage\",\"@id\":\"https:\/\/htsc.vn\/en\/contact-us\/\",\"url\":\"https:\/\/htsc.vn\/en\/contact-us\/\",\"name\":\"Contact us - htsc.vn\",\"isPartOf\":{\"@id\":\"https:\/\/htsc.vn\/#website\"},\"datePublished\":\"2021-10-13T10:30:58+00:00\",\"dateModified\":\"2025-07-02T02:13:51+00:00\",\"description\":\"HTSC l\u00e0 m\u1ed9t th\u00e0nh vi\u00ean tr\u1ef1c thu\u1ed9c HTI Group, ch\u00fang t\u00f4i chuy\u00ean cung c\u1ea5p c\u00e1c gi\u1ea3i ph\u00e1p c\u00f4ng ngh\u1ec7, chuy\u1ec3n \u0111\u1ed5i s\u1ed1 cho Ch\u00ednh ph\u1ee7 v\u00e0 c\u00e1c doanh nghi\u1ec7p trong nhi\u1ec1u l\u0129nh v\u1ef1c\",\"breadcrumb\":{\"@id\":\"https:\/\/htsc.vn\/en\/contact-us\/#breadcrumb\"},\"inLanguage\":\"en-US\",\"potentialAction\":[{\"@type\":\"ReadAction\",\"target\":[\"https:\/\/htsc.vn\/en\/contact-us\/\"]}]},{\"@type\":\"BreadcrumbList\",\"@id\":\"https:\/\/htsc.vn\/en\/contact-us\/#breadcrumb\",\"itemListElement\":[{\"@type\":\"ListItem\",\"position\":1,\"name\":\"Trang ch\u1ee7\",\"item\":\"https:\/\/htsc.vn\/en\/\"},{\"@type\":\"ListItem\",\"position\":2,\"name\":\"Contact us\"}]},{\"@type\":\"WebSite\",\"@id\":\"https:\/\/htsc.vn\/#website\",\"url\":\"https:\/\/htsc.vn\/\",\"name\":\"htsc.vn\",\"description\":\"htsc.vn\",\"publisher\":{\"@id\":\"https:\/\/htsc.vn\/#organization\"},\"potentialAction\":[{\"@type\":\"SearchAction\",\"target\":{\"@type\":\"EntryPoint\",\"urlTemplate\":\"https:\/\/htsc.vn\/?s={search_term_string}\"},\"query-input\":\"required name=search_term_string\"}],\"inLanguage\":\"en-US\"},{\"@type\":\"Organization\",\"@id\":\"https:\/\/htsc.vn\/#organization\",\"name\":\"HTSC\",\"url\":\"https:\/\/htsc.vn\/\",\"sameAs\":[],\"logo\":{\"@type\":\"ImageObject\",\"inLanguage\":\"en-US\",\"@id\":\"https:\/\/htsc.vn\/#\/schema\/logo\/image\/\",\"url\":\"https:\/\/htsc.vn\/wp-content\/uploads\/2021\/10\/logo.svg\",\"contentUrl\":\"https:\/\/htsc.vn\/wp-content\/uploads\/2021\/10\/logo.svg\",\"width\":\"1024\",\"height\":\"1024\",\"caption\":\"HTSC\"},\"image\":{\"@id\":\"https:\/\/htsc.vn\/#\/schema\/logo\/image\/\"}}]}<\/script>\n<!-- \/ Yoast SEO plugin. -->","yoast_head_json":{"title":"Contact us - htsc.vn","description":"HTSC l\u00e0 m\u1ed9t th\u00e0nh vi\u00ean tr\u1ef1c thu\u1ed9c HTI Group, ch\u00fang t\u00f4i chuy\u00ean cung c\u1ea5p c\u00e1c gi\u1ea3i ph\u00e1p c\u00f4ng ngh\u1ec7, chuy\u1ec3n \u0111\u1ed5i s\u1ed1 cho Ch\u00ednh ph\u1ee7 v\u00e0 c\u00e1c doanh nghi\u1ec7p trong nhi\u1ec1u l\u0129nh v\u1ef1c","robots":{"index":"index","follow":"follow","max-snippet":"max-snippet:-1","max-image-preview":"max-image-preview:large","max-video-preview":"max-video-preview:-1"},"canonical":"https:\/\/htsc.vn\/en\/contact-us\/","og_locale":"en_US","og_type":"article","og_title":"Contact us - htsc.vn","og_description":"HTSC l\u00e0 m\u1ed9t th\u00e0nh vi\u00ean tr\u1ef1c thu\u1ed9c HTI Group, ch\u00fang t\u00f4i chuy\u00ean cung c\u1ea5p c\u00e1c gi\u1ea3i ph\u00e1p c\u00f4ng ngh\u1ec7, chuy\u1ec3n \u0111\u1ed5i s\u1ed1 cho Ch\u00ednh ph\u1ee7 v\u00e0 c\u00e1c doanh nghi\u1ec7p trong nhi\u1ec1u l\u0129nh v\u1ef1c","og_url":"https:\/\/htsc.vn\/en\/contact-us\/","og_site_name":"htsc.vn","article_modified_time":"2025-07-02T02:13:51+00:00","og_image":[{"width":900,"height":894,"url":"https:\/\/htsc.vn\/wp-content\/uploads\/2021\/10\/logo-htsc-social-1.jpg","type":"image\/jpeg"}],"twitter_card":"summary_large_image","twitter_misc":{"Est. reading time":"1 minute"},"schema":{"@context":"https:\/\/schema.org","@graph":[{"@type":"WebPage","@id":"https:\/\/htsc.vn\/en\/contact-us\/","url":"https:\/\/htsc.vn\/en\/contact-us\/","name":"Contact us - htsc.vn","isPartOf":{"@id":"https:\/\/htsc.vn\/#website"},"datePublished":"2021-10-13T10:30:58+00:00","dateModified":"2025-07-02T02:13:51+00:00","description":"HTSC l\u00e0 m\u1ed9t th\u00e0nh vi\u00ean tr\u1ef1c thu\u1ed9c HTI Group, ch\u00fang t\u00f4i chuy\u00ean cung c\u1ea5p c\u00e1c gi\u1ea3i ph\u00e1p c\u00f4ng ngh\u1ec7, chuy\u1ec3n \u0111\u1ed5i s\u1ed1 cho Ch\u00ednh ph\u1ee7 v\u00e0 c\u00e1c doanh nghi\u1ec7p trong nhi\u1ec1u l\u0129nh v\u1ef1c","breadcrumb":{"@id":"https:\/\/htsc.vn\/en\/contact-us\/#breadcrumb"},"inLanguage":"en-US","potentialAction":[{"@type":"ReadAction","target":["https:\/\/htsc.vn\/en\/contact-us\/"]}]},{"@type":"BreadcrumbList","@id":"https:\/\/htsc.vn\/en\/contact-us\/#breadcrumb","itemListElement":[{"@type":"ListItem","position":1,"name":"Trang ch\u1ee7","item":"https:\/\/htsc.vn\/en\/"},{"@type":"ListItem","position":2,"name":"Contact us"}]},{"@type":"WebSite","@id":"https:\/\/htsc.vn\/#website","url":"https:\/\/htsc.vn\/","name":"htsc.vn","description":"htsc.vn","publisher":{"@id":"https:\/\/htsc.vn\/#organization"},"potentialAction":[{"@type":"SearchAction","target":{"@type":"EntryPoint","urlTemplate":"https:\/\/htsc.vn\/?s={search_term_string}"},"query-input":"required name=search_term_string"}],"inLanguage":"en-US"},{"@type":"Organization","@id":"https:\/\/htsc.vn\/#organization","name":"HTSC","url":"https:\/\/htsc.vn\/","sameAs":[],"logo":{"@type":"ImageObject","inLanguage":"en-US","@id":"https:\/\/htsc.vn\/#\/schema\/logo\/image\/","url":"https:\/\/htsc.vn\/wp-content\/uploads\/2021\/10\/logo.svg","contentUrl":"https:\/\/htsc.vn\/wp-content\/uploads\/2021\/10\/logo.svg","width":"1024","height":"1024","caption":"HTSC"},"image":{"@id":"https:\/\/htsc.vn\/#\/schema\/logo\/image\/"}}]}},"_links":{"self":[{"href":"https:\/\/htsc.vn\/en\/wp-json\/wp\/v2\/pages\/1422","targetHints":{"allow":["GET"]}}],"collection":[{"href":"https:\/\/htsc.vn\/en\/wp-json\/wp\/v2\/pages"}],"about":[{"href":"https:\/\/htsc.vn\/en\/wp-json\/wp\/v2\/types\/page"}],"author":[{"embeddable":true,"href":"https:\/\/htsc.vn\/en\/wp-json\/wp\/v2\/users\/1"}],"replies":[{"embeddable":true,"href":"https:\/\/htsc.vn\/en\/wp-json\/wp\/v2\/comments?post=1422"}],"version-history":[{"count":0,"href":"https:\/\/htsc.vn\/en\/wp-json\/wp\/v2\/pages\/1422\/revisions"}],"wp:attachment":[{"href":"https:\/\/htsc.vn\/en\/wp-json\/wp\/v2\/media?parent=1422"}],"curies":[{"name":"wp","href":"https:\/\/api.w.org\/{rel}","templated":true}]}}